{"id":12189,"date":"2022-10-17T11:28:48","date_gmt":"2022-10-17T09:28:48","guid":{"rendered":"https:\/\/tecnologiehosting.it\/?page_id=12189"},"modified":"2025-01-09T15:46:39","modified_gmt":"2025-01-09T14:46:39","slug":"network","status":"publish","type":"page","link":"https:\/\/bio4dreams.com\/en\/about-us\/network\/","title":{"rendered":"Network"},"content":{"rendered":"<div id=\"cs-content\" class=\"cs-content\"><\/div>\n","protected":false},"excerpt":{"rendered":"<p>Network\/\/ One network, three main players. the partners, with whom we collaborate on specific activities and projects; the ecosystem members, who have access to our dedicated services; the portfolio entities, innovative startups and SMEs that are either invested in or have a personalized incubation path. Partnerships (111)Memberships (22)Portfolio (32)AllOrganisationsFoundationsIndustryUniversities\/Research CentersInvestorsStartups\/SMEsIncubators\/AcceleratorsAssociazioniPartnershipInvestitoriPartnershipStartup &amp; PMIPortfolioInvestitoriPartnershipUniversit\u00e0 e centri di ricercaPartnershipAssociazioniMembershipAssociazioniPartnershipInvestitoriPartnershipUniversit\u00e0 e centri di ricercaPartnershipUniversit\u00e0 &#8230; <\/p>\n<div><a href=\"https:\/\/bio4dreams.com\/en\/about-us\/network\/\" class=\"more-link\">Read More<\/a><\/div>\n","protected":false},"author":2,"featured_media":5461,"parent":3606,"menu_order":0,"comment_status":"closed","ping_status":"closed","template":"template-blank-4.php","meta":{"_acf_changed":false,"inline_featured_image":false,"footnotes":""},"class_list":["post-12189","page","type-page","status-publish","has-post-thumbnail","hentry"],"acf":[],"yoast_head":"<!-- This site is optimized with the Yoast SEO plugin v27.4 - https:\/\/yoast.com\/product\/yoast-seo-wordpress\/ -->\n<title>A network of innovators<\/title>\n<meta name=\"description\" content=\"Startups, institutions, universities, innovation hubs and industrial leaderstogether to build a fruitful innovation ecosystem.\" \/>\n<meta name=\"robots\" content=\"index, follow, max-snippet:-1, max-image-preview:large, max-video-preview:-1\" \/>\n<link rel=\"canonical\" href=\"https:\/\/bio4dreams.com\/en\/about-us\/network\/\" \/>\n<meta property=\"og:locale\" content=\"en_US\" \/>\n<meta property=\"og:type\" content=\"article\" \/>\n<meta property=\"og:title\" content=\"A network of innovators\" \/>\n<meta property=\"og:description\" content=\"Startups, institutions, universities, innovation hubs and industrial leaderstogether to build a fruitful innovation ecosystem.\" \/>\n<meta property=\"og:url\" content=\"https:\/\/bio4dreams.com\/en\/about-us\/network\/\" \/>\n<meta property=\"og:site_name\" content=\"Bio4Dreams\" \/>\n<meta property=\"article:publisher\" content=\"https:\/\/www.facebook.com\/Bio4Dreams\/\" \/>\n<meta property=\"article:modified_time\" content=\"2025-01-09T14:46:39+00:00\" \/>\n<meta property=\"og:image\" content=\"https:\/\/bio4dreams.com\/wp-content\/uploads\/network_featured.jpg\" \/>\n\t<meta property=\"og:image:width\" content=\"1200\" \/>\n\t<meta property=\"og:image:height\" content=\"628\" \/>\n\t<meta property=\"og:image:type\" content=\"image\/jpeg\" \/>\n<meta name=\"twitter:card\" content=\"summary_large_image\" \/>\n<meta name=\"twitter:site\" content=\"@bio4dreams\" \/>\n<meta name=\"twitter:label1\" content=\"Est. reading time\" \/>\n\t<meta name=\"twitter:data1\" content=\"7 minutes\" \/>\n<script type=\"application\/ld+json\" class=\"yoast-schema-graph\">{\"@context\":\"https:\\\/\\\/schema.org\",\"@graph\":[{\"@type\":\"WebPage\",\"@id\":\"https:\\\/\\\/bio4dreams.com\\\/en\\\/about-us\\\/network\\\/\",\"url\":\"https:\\\/\\\/bio4dreams.com\\\/en\\\/about-us\\\/network\\\/\",\"name\":\"A network of innovators\",\"isPartOf\":{\"@id\":\"https:\\\/\\\/bio4dreams.com\\\/#website\"},\"primaryImageOfPage\":{\"@id\":\"https:\\\/\\\/bio4dreams.com\\\/en\\\/about-us\\\/network\\\/#primaryimage\"},\"image\":{\"@id\":\"https:\\\/\\\/bio4dreams.com\\\/en\\\/about-us\\\/network\\\/#primaryimage\"},\"thumbnailUrl\":\"https:\\\/\\\/bio4dreams.com\\\/wp-content\\\/uploads\\\/network_featured.jpg\",\"datePublished\":\"2022-10-17T09:28:48+00:00\",\"dateModified\":\"2025-01-09T14:46:39+00:00\",\"description\":\"Startups, institutions, universities, innovation hubs and industrial leaderstogether to build a fruitful innovation ecosystem.\",\"breadcrumb\":{\"@id\":\"https:\\\/\\\/bio4dreams.com\\\/en\\\/about-us\\\/network\\\/#breadcrumb\"},\"inLanguage\":\"en-US\",\"potentialAction\":[{\"@type\":\"ReadAction\",\"target\":[\"https:\\\/\\\/bio4dreams.com\\\/en\\\/about-us\\\/network\\\/\"]}]},{\"@type\":\"ImageObject\",\"inLanguage\":\"en-US\",\"@id\":\"https:\\\/\\\/bio4dreams.com\\\/en\\\/about-us\\\/network\\\/#primaryimage\",\"url\":\"https:\\\/\\\/bio4dreams.com\\\/wp-content\\\/uploads\\\/network_featured.jpg\",\"contentUrl\":\"https:\\\/\\\/bio4dreams.com\\\/wp-content\\\/uploads\\\/network_featured.jpg\",\"width\":1200,\"height\":628,\"caption\":\"Network\"},{\"@type\":\"BreadcrumbList\",\"@id\":\"https:\\\/\\\/bio4dreams.com\\\/en\\\/about-us\\\/network\\\/#breadcrumb\",\"itemListElement\":[{\"@type\":\"ListItem\",\"position\":1,\"name\":\"Home\",\"item\":\"https:\\\/\\\/bio4dreams.com\\\/en\\\/home\\\/\"},{\"@type\":\"ListItem\",\"position\":2,\"name\":\"About Us\",\"item\":\"https:\\\/\\\/bio4dreams.com\\\/en\\\/about-us\\\/\"},{\"@type\":\"ListItem\",\"position\":3,\"name\":\"Network\"}]},{\"@type\":\"WebSite\",\"@id\":\"https:\\\/\\\/bio4dreams.com\\\/#website\",\"url\":\"https:\\\/\\\/bio4dreams.com\\\/\",\"name\":\"Bio4Dreams\",\"description\":\"La Business Nursery per le Scienze della Vita\",\"publisher\":{\"@id\":\"https:\\\/\\\/bio4dreams.com\\\/#organization\"},\"potentialAction\":[{\"@type\":\"SearchAction\",\"target\":{\"@type\":\"EntryPoint\",\"urlTemplate\":\"https:\\\/\\\/bio4dreams.com\\\/?s={search_term_string}\"},\"query-input\":{\"@type\":\"PropertyValueSpecification\",\"valueRequired\":true,\"valueName\":\"search_term_string\"}}],\"inLanguage\":\"en-US\"},{\"@type\":\"Organization\",\"@id\":\"https:\\\/\\\/bio4dreams.com\\\/#organization\",\"name\":\"Bio4Dreams S.p.A.\",\"url\":\"https:\\\/\\\/bio4dreams.com\\\/\",\"logo\":{\"@type\":\"ImageObject\",\"inLanguage\":\"en-US\",\"@id\":\"https:\\\/\\\/bio4dreams.com\\\/#\\\/schema\\\/logo\\\/image\\\/\",\"url\":\"\",\"contentUrl\":\"\",\"caption\":\"Bio4Dreams S.p.A.\"},\"image\":{\"@id\":\"https:\\\/\\\/bio4dreams.com\\\/#\\\/schema\\\/logo\\\/image\\\/\"},\"sameAs\":[\"https:\\\/\\\/www.facebook.com\\\/Bio4Dreams\\\/\",\"https:\\\/\\\/x.com\\\/bio4dreams\",\"https:\\\/\\\/www.instagram.com\\\/bio4dreams\\\/\",\"https:\\\/\\\/it.linkedin.com\\\/company\\\/bio4dreams\",\"https:\\\/\\\/www.youtube.com\\\/channel\\\/UClKlMPs6Lgd23ZIHlnCI4QA\"]}]}<\/script>\n<!-- \/ Yoast SEO plugin. -->","yoast_head_json":{"title":"A network of innovators","description":"Startups, institutions, universities, innovation hubs and industrial leaderstogether to build a fruitful innovation ecosystem.","robots":{"index":"index","follow":"follow","max-snippet":"max-snippet:-1","max-image-preview":"max-image-preview:large","max-video-preview":"max-video-preview:-1"},"canonical":"https:\/\/bio4dreams.com\/en\/about-us\/network\/","og_locale":"en_US","og_type":"article","og_title":"A network of innovators","og_description":"Startups, institutions, universities, innovation hubs and industrial leaderstogether to build a fruitful innovation ecosystem.","og_url":"https:\/\/bio4dreams.com\/en\/about-us\/network\/","og_site_name":"Bio4Dreams","article_publisher":"https:\/\/www.facebook.com\/Bio4Dreams\/","article_modified_time":"2025-01-09T14:46:39+00:00","og_image":[{"width":1200,"height":628,"url":"https:\/\/bio4dreams.com\/wp-content\/uploads\/network_featured.jpg","type":"image\/jpeg"}],"twitter_card":"summary_large_image","twitter_site":"@bio4dreams","twitter_misc":{"Est. reading time":"7 minutes"},"schema":{"@context":"https:\/\/schema.org","@graph":[{"@type":"WebPage","@id":"https:\/\/bio4dreams.com\/en\/about-us\/network\/","url":"https:\/\/bio4dreams.com\/en\/about-us\/network\/","name":"A network of innovators","isPartOf":{"@id":"https:\/\/bio4dreams.com\/#website"},"primaryImageOfPage":{"@id":"https:\/\/bio4dreams.com\/en\/about-us\/network\/#primaryimage"},"image":{"@id":"https:\/\/bio4dreams.com\/en\/about-us\/network\/#primaryimage"},"thumbnailUrl":"https:\/\/bio4dreams.com\/wp-content\/uploads\/network_featured.jpg","datePublished":"2022-10-17T09:28:48+00:00","dateModified":"2025-01-09T14:46:39+00:00","description":"Startups, institutions, universities, innovation hubs and industrial leaderstogether to build a fruitful innovation ecosystem.","breadcrumb":{"@id":"https:\/\/bio4dreams.com\/en\/about-us\/network\/#breadcrumb"},"inLanguage":"en-US","potentialAction":[{"@type":"ReadAction","target":["https:\/\/bio4dreams.com\/en\/about-us\/network\/"]}]},{"@type":"ImageObject","inLanguage":"en-US","@id":"https:\/\/bio4dreams.com\/en\/about-us\/network\/#primaryimage","url":"https:\/\/bio4dreams.com\/wp-content\/uploads\/network_featured.jpg","contentUrl":"https:\/\/bio4dreams.com\/wp-content\/uploads\/network_featured.jpg","width":1200,"height":628,"caption":"Network"},{"@type":"BreadcrumbList","@id":"https:\/\/bio4dreams.com\/en\/about-us\/network\/#breadcrumb","itemListElement":[{"@type":"ListItem","position":1,"name":"Home","item":"https:\/\/bio4dreams.com\/en\/home\/"},{"@type":"ListItem","position":2,"name":"About Us","item":"https:\/\/bio4dreams.com\/en\/about-us\/"},{"@type":"ListItem","position":3,"name":"Network"}]},{"@type":"WebSite","@id":"https:\/\/bio4dreams.com\/#website","url":"https:\/\/bio4dreams.com\/","name":"Bio4Dreams","description":"La Business Nursery per le Scienze della Vita","publisher":{"@id":"https:\/\/bio4dreams.com\/#organization"},"potentialAction":[{"@type":"SearchAction","target":{"@type":"EntryPoint","urlTemplate":"https:\/\/bio4dreams.com\/?s={search_term_string}"},"query-input":{"@type":"PropertyValueSpecification","valueRequired":true,"valueName":"search_term_string"}}],"inLanguage":"en-US"},{"@type":"Organization","@id":"https:\/\/bio4dreams.com\/#organization","name":"Bio4Dreams S.p.A.","url":"https:\/\/bio4dreams.com\/","logo":{"@type":"ImageObject","inLanguage":"en-US","@id":"https:\/\/bio4dreams.com\/#\/schema\/logo\/image\/","url":"","contentUrl":"","caption":"Bio4Dreams S.p.A."},"image":{"@id":"https:\/\/bio4dreams.com\/#\/schema\/logo\/image\/"},"sameAs":["https:\/\/www.facebook.com\/Bio4Dreams\/","https:\/\/x.com\/bio4dreams","https:\/\/www.instagram.com\/bio4dreams\/","https:\/\/it.linkedin.com\/company\/bio4dreams","https:\/\/www.youtube.com\/channel\/UClKlMPs6Lgd23ZIHlnCI4QA"]}]}},"_links":{"self":[{"href":"https:\/\/bio4dreams.com\/en\/wp-json\/wp\/v2\/pages\/12189","targetHints":{"allow":["GET"]}}],"collection":[{"href":"https:\/\/bio4dreams.com\/en\/wp-json\/wp\/v2\/pages"}],"about":[{"href":"https:\/\/bio4dreams.com\/en\/wp-json\/wp\/v2\/types\/page"}],"author":[{"embeddable":true,"href":"https:\/\/bio4dreams.com\/en\/wp-json\/wp\/v2\/users\/2"}],"replies":[{"embeddable":true,"href":"https:\/\/bio4dreams.com\/en\/wp-json\/wp\/v2\/comments?post=12189"}],"version-history":[{"count":91,"href":"https:\/\/bio4dreams.com\/en\/wp-json\/wp\/v2\/pages\/12189\/revisions"}],"predecessor-version":[{"id":19041,"href":"https:\/\/bio4dreams.com\/en\/wp-json\/wp\/v2\/pages\/12189\/revisions\/19041"}],"up":[{"embeddable":true,"href":"https:\/\/bio4dreams.com\/en\/wp-json\/wp\/v2\/pages\/3606"}],"wp:featuredmedia":[{"embeddable":true,"href":"https:\/\/bio4dreams.com\/en\/wp-json\/wp\/v2\/media\/5461"}],"wp:attachment":[{"href":"https:\/\/bio4dreams.com\/en\/wp-json\/wp\/v2\/media?parent=12189"}],"curies":[{"name":"wp","href":"https:\/\/api.w.org\/{rel}","templated":true}]}}